{"id":1445,"date":"2026-02-07T09:06:31","date_gmt":"2026-02-07T09:06:31","guid":{"rendered":"https:\/\/gotainternationalgroup.com\/?page_id=1445"},"modified":"2026-03-27T10:41:49","modified_gmt":"2026-03-27T10:41:49","slug":"billetterie","status":"publish","type":"page","link":"https:\/\/www.gotainternational.com\/en\/billetterie\/","title":{"rendered":"Billetterie"},"content":{"rendered":"<div data-elementor-type=\"wp-page\" data-elementor-id=\"1445\" class=\"elementor elementor-1445\">\n\t\t\t\t\t\t<section class=\"elementor-section elementor-top-section elementor-element elementor-element-c3db36d elementor-section-boxed elementor-section-height-default elementor-section-height-default row-top\" data-id=\"c3db36d\" data-element_type=\"section\" data-e-type=\"section\">\n\t\t\t\t\t\t<div class=\"elementor-container elementor-column-gap-default\">\n\t\t\t\t\t<div class=\"elementor-column elementor-col-50 elementor-top-column elementor-element elementor-element-e449823\" data-id=\"e449823\" data-element_type=\"column\" data-e-type=\"column\" data-settings=\"{&quot;background_background&quot;:&quot;classic&quot;}\">\n\t\t\t<div class=\"elementor-widget-wrap elementor-element-populated\">\n\t\t\t\t\t\t<div class=\"elementor-element elementor-element-1094148 elementor-widget elementor-widget-heading\" data-id=\"1094148\" data-element_type=\"widget\" data-e-type=\"widget\" data-widget_type=\"heading.default\">\n\t\t\t\t\t<h2 class=\"elementor-heading-title elementor-size-default\">WELCOME <br>TO<span style=\"color:#FACA51\"><br> GOTA <\/span>TICKETING<\/h2>\t\t\t\t<\/div>\n\t\t\t\t<div class=\"elementor-element elementor-element-70fc28d elementor-widget elementor-widget-text-editor\" data-id=\"70fc28d\" data-element_type=\"widget\" data-e-type=\"widget\" data-widget_type=\"text-editor.default\">\n\t\t\t\t\t\t\t\t\t<p><span class=\"OYPEnA\">GOTA VOYAGE expert in ticketing, travel insurance, hotel<\/span><span class=\"OYPEnA\"><br \/><\/span><span class=\"OYPEnA\">and ticket reservations<\/span><\/p>\t\t\t\t\t\t\t\t<\/div>\n\t\t\t\t<div class=\"elementor-element elementor-element-f7cfee8 elementor-align-center elementor-widget elementor-widget-button\" data-id=\"f7cfee8\" data-element_type=\"widget\" data-e-type=\"widget\" data-widget_type=\"button.default\">\n\t\t\t\t\t\t\t\t\t\t<a class=\"elementor-button elementor-button-link elementor-size-sm\" href=\"#\">\n\t\t\t\t\t\t<span class=\"elementor-button-content-wrapper\">\n\t\t\t\t\t\t\t\t\t<span class=\"elementor-button-text\">Contactez-nous<\/span>\n\t\t\t\t\t<\/span>\n\t\t\t\t\t<\/a>\n\t\t\t\t\t\t\t\t<\/div>\n\t\t\t\t\t<\/div>\n\t\t<\/div>\n\t\t\t\t<div class=\"elementor-column elementor-col-50 elementor-top-column elementor-element elementor-element-0570e08\" data-id=\"0570e08\" data-element_type=\"column\" data-e-type=\"column\" data-settings=\"{&quot;background_background&quot;:&quot;classic&quot;}\">\n\t\t\t<div class=\"elementor-widget-wrap\">\n\t\t\t\t\t\t\t<\/div>\n\t\t<\/div>\n\t\t\t\t\t<\/div>\n\t\t<\/section>\n\t\t\t\t<section class=\"elementor-section elementor-top-section elementor-element elementor-element-89b2a25 elementor-section-boxed elementor-section-height-default elementor-section-height-default row-top\" data-id=\"89b2a25\" data-element_type=\"section\" data-e-type=\"section\">\n\t\t\t\t\t\t<div class=\"elementor-container elementor-column-gap-default\">\n\t\t\t\t\t<div class=\"elementor-column elementor-col-100 elementor-top-column elementor-element elementor-element-1bca689\" data-id=\"1bca689\" data-element_type=\"column\" data-e-type=\"column\">\n\t\t\t<div class=\"elementor-widget-wrap elementor-element-populated\">\n\t\t\t\t\t\t<div class=\"elementor-element elementor-element-aeb70c5 elementor-widget elementor-widget-gva-heading-block\" data-id=\"aeb70c5\" data-element_type=\"widget\" data-e-type=\"widget\" data-widget_type=\"gva-heading-block.default\">\n\t\t\t\t<div class=\"elementor-widget-container\">\n\t\t\t\t\t<div class=\"gva-element-gva-heading-block gva-element\">   <div class=\"align-center style-1 widget gsc-heading box-align-left auto-responsive\">\r\n      <div class=\"content-inner\">\r\n         \r\n                  \r\n                     <div class=\"sub-title\"><span>D\u00e9couvrez un service complet pour votre voyage GOTA TICKETING<\/span><\/div>\r\n           \r\n         \r\n                     <h2 class=\"title\">\r\n               <span>D\u00e9couvrez un service complet pour votre voyage<span style=\"color:#FACA51;\">GOTA <\/span>TICKETING<\/span>\r\n            <\/h2>\r\n                  \r\n         \r\n      <\/div>\r\n   <\/div>\r\n<\/div>\t\t\t\t<\/div>\n\t\t\t\t<\/div>\n\t\t\t\t\t<\/div>\n\t\t<\/div>\n\t\t\t\t\t<\/div>\n\t\t<\/section>\n\t\t\t\t<section class=\"elementor-section elementor-top-section elementor-element elementor-element-c745530 elementor-section-boxed elementor-section-height-default elementor-section-height-default row-top\" data-id=\"c745530\" data-element_type=\"section\" data-e-type=\"section\">\n\t\t\t\t\t\t<div class=\"elementor-container elementor-column-gap-default\">\n\t\t\t\t\t<div class=\"elementor-column elementor-col-50 elementor-top-column elementor-element elementor-element-31567dd\" data-id=\"31567dd\" data-element_type=\"column\" data-e-type=\"column\">\n\t\t\t<div class=\"elementor-widget-wrap elementor-element-populated\">\n\t\t\t\t\t\t<div class=\"elementor-element elementor-element-cdebfdd elementor-widget elementor-widget-text-editor\" data-id=\"cdebfdd\" data-element_type=\"widget\" data-e-type=\"widget\" data-widget_type=\"text-editor.default\">\n\t\t\t\t\t\t\t\t\t<p>D\u00e9couvrez un service complet pour vos voyages, incluant les plus grandes compagnies a\u00e9riennes internationales, comme celles pr\u00e9sent\u00e9es sur l&#8217;image. Notre plateforme vous permet de r\u00e9server facilement vos vols, de souscrire une assurance voyage sur mesure pour une tranquillit\u00e9 d&#8217;esprit optimale et de trouver les meilleurs tarifs pour vos r\u00e9servations d&#8217;h\u00f4tel. Simplifiez l&#8217;organisation de votre voyage gr\u00e2ce \u00e0 des offres personnalis\u00e9es et des s\u00e9jours sans souci.<\/p>\t\t\t\t\t\t\t\t<\/div>\n\t\t\t\t\t<\/div>\n\t\t<\/div>\n\t\t\t\t<div class=\"elementor-column elementor-col-50 elementor-top-column elementor-element elementor-element-e3fcca7\" data-id=\"e3fcca7\" data-element_type=\"column\" data-e-type=\"column\" data-settings=\"{&quot;background_background&quot;:&quot;classic&quot;}\">\n\t\t\t<div class=\"elementor-widget-wrap elementor-element-populated\">\n\t\t\t\t\t\t<div class=\"elementor-element elementor-element-44a6736 elementor-widget elementor-widget-image\" data-id=\"44a6736\" data-element_type=\"widget\" data-e-type=\"widget\" data-widget_type=\"image.default\">\n\t\t\t\t\t\t\t\t\t\t\t\t\t\t\t<img decoding=\"async\" src=\"https:\/\/gotainternationalgroup.com\/wp-content\/uploads\/2026\/02\/airline-logos-1.png\" title=\"\" alt=\"\" loading=\"lazy\" \/>\t\t\t\t\t\t\t\t\t\t\t\t\t\t\t<\/div>\n\t\t\t\t\t<\/div>\n\t\t<\/div>\n\t\t\t\t\t<\/div>\n\t\t<\/section>\n\t\t\t\t<section class=\"elementor-section elementor-top-section elementor-element elementor-element-4f7b3be7 elementor-section-boxed elementor-section-height-default elementor-section-height-default row-top\" data-id=\"4f7b3be7\" data-element_type=\"section\" data-e-type=\"section\" data-settings=\"{&quot;background_background&quot;:&quot;classic&quot;}\">\n\t\t\t\t\t\t<div class=\"elementor-container elementor-column-gap-default\">\n\t\t\t\t\t<div class=\"elementor-column elementor-col-100 elementor-top-column elementor-element elementor-element-17e7e4d1\" data-id=\"17e7e4d1\" data-element_type=\"column\" data-e-type=\"column\">\n\t\t\t<div class=\"elementor-widget-wrap elementor-element-populated\">\n\t\t\t\t\t\t<section class=\"elementor-section elementor-inner-section elementor-element elementor-element-3e0f8e0d elementor-section-boxed elementor-section-height-default elementor-section-height-default row-top\" data-id=\"3e0f8e0d\" data-element_type=\"section\" data-e-type=\"section\">\n\t\t\t\t\t\t<div class=\"elementor-container elementor-column-gap-default\">\n\t\t\t\t\t<div class=\"elementor-column elementor-col-50 elementor-inner-column elementor-element elementor-element-1c3845a5\" data-id=\"1c3845a5\" data-element_type=\"column\" data-e-type=\"column\">\n\t\t\t<div class=\"elementor-widget-wrap elementor-element-populated\">\n\t\t\t\t\t\t<div class=\"elementor-element elementor-element-1528ccfb animated-fast elementor-invisible elementor-widget elementor-widget-gva-icon-box-styles\" data-id=\"1528ccfb\" data-element_type=\"widget\" data-e-type=\"widget\" data-settings=\"{&quot;_animation&quot;:&quot;zoomIn&quot;,&quot;_animation_delay&quot;:600}\" data-widget_type=\"gva-icon-box-styles.default\">\n\t\t\t\t<div class=\"elementor-widget-container\">\n\t\t\t\t\t<div class=\"gva-element-gva-icon-box-styles gva-element\">\r\n   \r\n\r\n         <div class=\"widget gsc-icon-box-styles style-2\">\r\n         \r\n         <div class=\"content-inner\">\r\n                           <div class=\"box-icon\">\r\n                  <i aria-hidden=\"true\" class=\"flaticon-flag\"><\/i>               <\/div>\r\n            \r\n                           <h3 class=\"title\">\r\n                  Billetterie 24h\/24 et 7j\/7               <\/h3>\r\n                     <\/div>\r\n         \t\t  <a href=\"https:\/\/www.gotainternational.com\/en\/billetterie\/\" class=\"link-overlay\">\r\n\t\t\t \t\t  <\/a>\r\n\t\t        <\/div> \r\n      \r\n\r\n      \r\n\r\n    \r\n\r\n\r\n<\/div>\t\t\t\t<\/div>\n\t\t\t\t<\/div>\n\t\t\t\t\t<\/div>\n\t\t<\/div>\n\t\t\t\t<div class=\"elementor-column elementor-col-50 elementor-inner-column elementor-element elementor-element-6668eb65\" data-id=\"6668eb65\" data-element_type=\"column\" data-e-type=\"column\">\n\t\t\t<div class=\"elementor-widget-wrap elementor-element-populated\">\n\t\t\t\t\t\t<div class=\"elementor-element elementor-element-2440f9a7 animated-fast elementor-invisible elementor-widget elementor-widget-gva-icon-box-styles\" data-id=\"2440f9a7\" data-element_type=\"widget\" data-e-type=\"widget\" data-settings=\"{&quot;_animation&quot;:&quot;zoomIn&quot;,&quot;_animation_delay&quot;:800}\" data-widget_type=\"gva-icon-box-styles.default\">\n\t\t\t\t<div class=\"elementor-widget-container\">\n\t\t\t\t\t<div class=\"gva-element-gva-icon-box-styles gva-element\">\r\n   \r\n\r\n         <div class=\"widget gsc-icon-box-styles style-2\">\r\n         \r\n         <div class=\"content-inner\">\r\n                           <div class=\"box-icon\">\r\n                  <i aria-hidden=\"true\" class=\"flaticon-hang-gliding\"><\/i>               <\/div>\r\n            \r\n                           <h3 class=\"title\">\r\n                  Assurance voyage               <\/h3>\r\n                     <\/div>\r\n         \t\t  <a href=\"#\" class=\"link-overlay\">\r\n\t\t\t \t\t  <\/a>\r\n\t\t        <\/div> \r\n      \r\n\r\n      \r\n\r\n    \r\n\r\n\r\n<\/div>\t\t\t\t<\/div>\n\t\t\t\t<\/div>\n\t\t\t\t\t<\/div>\n\t\t<\/div>\n\t\t\t\t\t<\/div>\n\t\t<\/section>\n\t\t\t\t\t<\/div>\n\t\t<\/div>\n\t\t\t\t\t<\/div>\n\t\t<\/section>\n\t\t\t\t<section class=\"elementor-section elementor-top-section elementor-element elementor-element-64c4f16 elementor-section-boxed elementor-section-height-default elementor-section-height-default row-top\" data-id=\"64c4f16\" data-element_type=\"section\" data-e-type=\"section\" data-settings=\"{&quot;background_background&quot;:&quot;classic&quot;}\">\n\t\t\t\t\t\t\t<div class=\"elementor-background-overlay\"><\/div>\n\t\t\t\t\t\t\t<div class=\"elementor-container elementor-column-gap-default\">\n\t\t\t\t\t<div class=\"elementor-column elementor-col-100 elementor-top-column elementor-element elementor-element-b1a2f92\" data-id=\"b1a2f92\" data-element_type=\"column\" data-e-type=\"column\" data-settings=\"{&quot;background_background&quot;:&quot;classic&quot;}\">\n\t\t\t<div class=\"elementor-widget-wrap elementor-element-populated\">\n\t\t\t\t\t\t<div class=\"elementor-element elementor-element-e93eb00 elementor-widget elementor-widget-heading\" data-id=\"e93eb00\" data-element_type=\"widget\" data-e-type=\"widget\" data-widget_type=\"heading.default\">\n\t\t\t\t\t<h2 class=\"elementor-heading-title elementor-size-default\"><span style=\"color:#FFF\">  ESIM<\/span>  <span style=\"color:#FACA51\"> TECHNOLOGY<\/span> <\/h2>\t\t\t\t<\/div>\n\t\t\t\t<div class=\"elementor-element elementor-element-0c07617 elementor-widget elementor-widget-text-editor\" data-id=\"0c07617\" data-element_type=\"widget\" data-e-type=\"widget\" data-widget_type=\"text-editor.default\">\n\t\t\t\t\t\t\t\t\t<p>Sochitel utilise la technologie eSIM pour une connectivit\u00e9 optimale en tant qu&#8217;utilisateur local (sans itin\u00e9rance) lors de vos voyages internationaux.<\/p>\t\t\t\t\t\t\t\t<\/div>\n\t\t\t\t\t<\/div>\n\t\t<\/div>\n\t\t\t\t\t<\/div>\n\t\t<\/section>\n\t\t\t\t<section class=\"elementor-section elementor-top-section elementor-element elementor-element-13217c9e elementor-section-boxed elementor-section-height-default elementor-section-height-default row-top\" data-id=\"13217c9e\" data-element_type=\"section\" data-e-type=\"section\" data-settings=\"{&quot;background_background&quot;:&quot;classic&quot;}\">\n\t\t\t\t\t\t<div class=\"elementor-container elementor-column-gap-default\">\n\t\t\t\t\t<div class=\"elementor-column elementor-col-50 elementor-top-column elementor-element elementor-element-4f936e8b\" data-id=\"4f936e8b\" data-element_type=\"column\" data-e-type=\"column\">\n\t\t\t<div class=\"elementor-widget-wrap elementor-element-populated\">\n\t\t\t\t\t\t<div class=\"elementor-element elementor-element-2e5b0864 animated-fast elementor-invisible elementor-widget elementor-widget-gva-heading-block\" data-id=\"2e5b0864\" data-element_type=\"widget\" data-e-type=\"widget\" data-settings=\"{&quot;_animation&quot;:&quot;fadeInLeft&quot;}\" data-widget_type=\"gva-heading-block.default\">\n\t\t\t\t<div class=\"elementor-widget-container\">\n\t\t\t\t\t<div class=\"gva-element-gva-heading-block gva-element\">   <div class=\"align-left style-1 widget gsc-heading box-align-left auto-responsive\">\r\n      <div class=\"content-inner\">\r\n         \r\n                  \r\n                     <div class=\"sub-title\"><span>\u00cates-vous pr\u00eat \u00e0 voyager ?<\/span><\/div>\r\n           \r\n         \r\n                     <h2 class=\"title\">\r\n               <span>Des services de voyage prim\u00e9s auxquels vous pouvez faire confiance<\/span>\r\n            <\/h2>\r\n                  \r\n         \r\n      <\/div>\r\n   <\/div>\r\n<\/div>\t\t\t\t<\/div>\n\t\t\t\t<\/div>\n\t\t\t\t\t<\/div>\n\t\t<\/div>\n\t\t\t\t<div class=\"elementor-column elementor-col-50 elementor-top-column elementor-element elementor-element-57dd9720\" data-id=\"57dd9720\" data-element_type=\"column\" data-e-type=\"column\">\n\t\t\t<div class=\"elementor-widget-wrap elementor-element-populated\">\n\t\t\t\t\t\t<section class=\"elementor-section elementor-inner-section elementor-element elementor-element-39113e6e elementor-section-boxed elementor-section-height-default elementor-section-height-default row-top\" data-id=\"39113e6e\" data-element_type=\"section\" data-e-type=\"section\">\n\t\t\t\t\t\t<div class=\"elementor-container elementor-column-gap-default\">\n\t\t\t\t\t<div class=\"elementor-column elementor-col-50 elementor-inner-column elementor-element elementor-element-5e60bd25\" data-id=\"5e60bd25\" data-element_type=\"column\" data-e-type=\"column\">\n\t\t\t<div class=\"elementor-widget-wrap elementor-element-populated\">\n\t\t\t\t\t\t<div class=\"elementor-element elementor-element-71c1423c animated-fast elementor-invisible elementor-widget elementor-widget-gva-icon-box-styles\" data-id=\"71c1423c\" data-element_type=\"widget\" data-e-type=\"widget\" data-settings=\"{&quot;_animation&quot;:&quot;zoomIn&quot;,&quot;_animation_delay&quot;:200}\" data-widget_type=\"gva-icon-box-styles.default\">\n\t\t\t\t<div class=\"elementor-widget-container\">\n\t\t\t\t\t<div class=\"gva-element-gva-icon-box-styles gva-element\">\r\n   \r\n\r\n         <div class=\"widget gsc-icon-box-styles style-2\">\r\n         \r\n         <div class=\"content-inner\">\r\n                           <div class=\"box-icon\">\r\n                  <i aria-hidden=\"true\" class=\"fab fa-cc-visa\"><\/i>               <\/div>\r\n            \r\n                           <h3 class=\"title\">\r\n                  J'ai un visa d'assistant<brTours               <\/h3>\r\n                     <\/div>\r\n         \t\t  <a href=\"https:\/\/www.gotainternational.com\/en\/visa-dassistant\/\" class=\"link-overlay\">\r\n\t\t\t \t\t  <\/a>\r\n\t\t        <\/div> \r\n      \r\n\r\n      \r\n\r\n    \r\n\r\n\r\n<\/div>\t\t\t\t<\/div>\n\t\t\t\t<\/div>\n\t\t\t\t\t<\/div>\n\t\t<\/div>\n\t\t\t\t<div class=\"elementor-column elementor-col-50 elementor-inner-column elementor-element elementor-element-bcd80e\" data-id=\"bcd80e\" data-element_type=\"column\" data-e-type=\"column\">\n\t\t\t<div class=\"elementor-widget-wrap elementor-element-populated\">\n\t\t\t\t\t\t<div class=\"elementor-element elementor-element-782ff457 animated-fast elementor-invisible elementor-widget elementor-widget-gva-icon-box-styles\" data-id=\"782ff457\" data-element_type=\"widget\" data-e-type=\"widget\" data-settings=\"{&quot;_animation&quot;:&quot;zoomIn&quot;,&quot;_animation_delay&quot;:400}\" data-widget_type=\"gva-icon-box-styles.default\">\n\t\t\t\t<div class=\"elementor-widget-container\">\n\t\t\t\t\t<div class=\"gva-element-gva-icon-box-styles gva-element\">\r\n   \r\n\r\n         <div class=\"widget gsc-icon-box-styles style-2\">\r\n         \r\n         <div class=\"content-inner\">\r\n                           <div class=\"box-icon\">\r\n                  <i aria-hidden=\"true\" class=\"flaticon-airplane\"><\/i>               <\/div>\r\n            \r\n                           <h3 class=\"title\">\r\n                  Gota Tourisme International<br>               <\/h3>\r\n                     <\/div>\r\n         \t\t  <a href=\"https:\/\/www.gotainternational.com\/en\/gota-tourisme-international\/\" class=\"link-overlay\">\r\n\t\t\t \t\t  <\/a>\r\n\t\t        <\/div> \r\n      \r\n\r\n      \r\n\r\n    \r\n\r\n\r\n<\/div>\t\t\t\t<\/div>\n\t\t\t\t<\/div>\n\t\t\t\t\t<\/div>\n\t\t<\/div>\n\t\t\t\t\t<\/div>\n\t\t<\/section>\n\t\t\t\t<section class=\"elementor-section elementor-inner-section elementor-element elementor-element-7a6ae1f3 elementor-section-boxed elementor-section-height-default elementor-section-height-default row-top\" data-id=\"7a6ae1f3\" data-element_type=\"section\" data-e-type=\"section\">\n\t\t\t\t\t\t<div class=\"elementor-container elementor-column-gap-default\">\n\t\t\t\t\t<div class=\"elementor-column elementor-col-50 elementor-inner-column elementor-element elementor-element-64bb8923\" data-id=\"64bb8923\" data-element_type=\"column\" data-e-type=\"column\">\n\t\t\t<div class=\"elementor-widget-wrap elementor-element-populated\">\n\t\t\t\t\t\t<div class=\"elementor-element elementor-element-668bd9c5 animated-fast elementor-invisible elementor-widget elementor-widget-gva-icon-box-styles\" data-id=\"668bd9c5\" data-element_type=\"widget\" data-e-type=\"widget\" data-settings=\"{&quot;_animation&quot;:&quot;zoomIn&quot;,&quot;_animation_delay&quot;:600}\" data-widget_type=\"gva-icon-box-styles.default\">\n\t\t\t\t<div class=\"elementor-widget-container\">\n\t\t\t\t\t<div class=\"gva-element-gva-icon-box-styles gva-element\">\r\n   \r\n\r\n         <div class=\"widget gsc-icon-box-styles style-2\">\r\n         \r\n         <div class=\"content-inner\">\r\n                           <div class=\"box-icon\">\r\n                  <i aria-hidden=\"true\" class=\"flaticon-flag\"><\/i>               <\/div>\r\n            \r\n                           <h3 class=\"title\">\r\n                  Gota Tourisme Local               <\/h3>\r\n                     <\/div>\r\n         \t\t  <a href=\"https:\/\/www.gotainternational.com\/en\/gota-local-tourism\/\" class=\"link-overlay\">\r\n\t\t\t \t\t  <\/a>\r\n\t\t        <\/div> \r\n      \r\n\r\n      \r\n\r\n    \r\n\r\n\r\n<\/div>\t\t\t\t<\/div>\n\t\t\t\t<\/div>\n\t\t\t\t\t<\/div>\n\t\t<\/div>\n\t\t\t\t<div class=\"elementor-column elementor-col-50 elementor-inner-column elementor-element elementor-element-64dc61b4\" data-id=\"64dc61b4\" data-element_type=\"column\" data-e-type=\"column\">\n\t\t\t<div class=\"elementor-widget-wrap elementor-element-populated\">\n\t\t\t\t\t\t<div class=\"elementor-element elementor-element-d2f433c animated-fast elementor-invisible elementor-widget elementor-widget-gva-icon-box-styles\" data-id=\"d2f433c\" data-element_type=\"widget\" data-e-type=\"widget\" data-settings=\"{&quot;_animation&quot;:&quot;zoomIn&quot;,&quot;_animation_delay&quot;:800}\" data-widget_type=\"gva-icon-box-styles.default\">\n\t\t\t\t<div class=\"elementor-widget-container\">\n\t\t\t\t\t<div class=\"gva-element-gva-icon-box-styles gva-element\">\r\n   \r\n\r\n         <div class=\"widget gsc-icon-box-styles style-2\">\r\n         \r\n         <div class=\"content-inner\">\r\n                           <div class=\"box-icon\">\r\n                  <i aria-hidden=\"true\" class=\"flaticon-hang-gliding\"><\/i>               <\/div>\r\n            \r\n                           <h3 class=\"title\">\r\n                  Gota Billetterie                <\/h3>\r\n                     <\/div>\r\n         \t\t  <a href=\"https:\/\/www.gotainternational.com\/en\/billetterie\/\" class=\"link-overlay\">\r\n\t\t\t \t\t  <\/a>\r\n\t\t        <\/div> \r\n      \r\n\r\n      \r\n\r\n    \r\n\r\n\r\n<\/div>\t\t\t\t<\/div>\n\t\t\t\t<\/div>\n\t\t\t\t\t<\/div>\n\t\t<\/div>\n\t\t\t\t\t<\/div>\n\t\t<\/section>\n\t\t\t\t<section class=\"elementor-section elementor-inner-section elementor-element elementor-element-5fae5d54 elementor-section-boxed elementor-section-height-default elementor-section-height-default row-top\" data-id=\"5fae5d54\" data-element_type=\"section\" data-e-type=\"section\">\n\t\t\t\t\t\t<div class=\"elementor-container elementor-column-gap-default\">\n\t\t\t\t\t<div class=\"elementor-column elementor-col-50 elementor-inner-column elementor-element elementor-element-3fab49fa\" data-id=\"3fab49fa\" data-element_type=\"column\" data-e-type=\"column\">\n\t\t\t<div class=\"elementor-widget-wrap elementor-element-populated\">\n\t\t\t\t\t\t<div class=\"elementor-element elementor-element-27f6674 animated-fast elementor-invisible elementor-widget elementor-widget-gva-icon-box-styles\" data-id=\"27f6674\" data-element_type=\"widget\" data-e-type=\"widget\" data-settings=\"{&quot;_animation&quot;:&quot;zoomIn&quot;,&quot;_animation_delay&quot;:600}\" data-widget_type=\"gva-icon-box-styles.default\">\n\t\t\t\t<div class=\"elementor-widget-container\">\n\t\t\t\t\t<div class=\"gva-element-gva-icon-box-styles gva-element\">\r\n   \r\n\r\n         <div class=\"widget gsc-icon-box-styles style-2\">\r\n         \r\n         <div class=\"content-inner\">\r\n                           <div class=\"box-icon\">\r\n                  <i aria-hidden=\"true\" class=\"flaticon-flag\"><\/i>               <\/div>\r\n            \r\n                           <h3 class=\"title\">\r\n                  GOTA Immobilier                <\/h3>\r\n                     <\/div>\r\n         \t\t  <a href=\"https:\/\/www.gotainternational.com\/en\/proprietes-de-gota\/\" class=\"link-overlay\">\r\n\t\t\t \t\t  <\/a>\r\n\t\t        <\/div> \r\n      \r\n\r\n      \r\n\r\n    \r\n\r\n\r\n<\/div>\t\t\t\t<\/div>\n\t\t\t\t<\/div>\n\t\t\t\t\t<\/div>\n\t\t<\/div>\n\t\t\t\t<div class=\"elementor-column elementor-col-50 elementor-inner-column elementor-element elementor-element-2a5f1422\" data-id=\"2a5f1422\" data-element_type=\"column\" data-e-type=\"column\">\n\t\t\t<div class=\"elementor-widget-wrap elementor-element-populated\">\n\t\t\t\t\t\t<div class=\"elementor-element elementor-element-6af9cd41 animated-fast elementor-invisible elementor-widget elementor-widget-gva-icon-box-styles\" data-id=\"6af9cd41\" data-element_type=\"widget\" data-e-type=\"widget\" data-settings=\"{&quot;_animation&quot;:&quot;zoomIn&quot;,&quot;_animation_delay&quot;:800}\" data-widget_type=\"gva-icon-box-styles.default\">\n\t\t\t\t<div class=\"elementor-widget-container\">\n\t\t\t\t\t<div class=\"gva-element-gva-icon-box-styles gva-element\">\r\n   \r\n\r\n         <div class=\"widget gsc-icon-box-styles style-2\">\r\n         \r\n         <div class=\"content-inner\">\r\n                           <div class=\"box-icon\">\r\n                  <i aria-hidden=\"true\" class=\"flaticon-hang-gliding\"><\/i>               <\/div>\r\n            \r\n                           <h3 class=\"title\">\r\n                  GOTA Airport Assistance               <\/h3>\r\n                     <\/div>\r\n         \t\t  <a href=\"https:\/\/www.gotainternational.com\/en\/visa-dassistant\/\" class=\"link-overlay\">\r\n\t\t\t \t\t  <\/a>\r\n\t\t        <\/div> \r\n      \r\n\r\n      \r\n\r\n    \r\n\r\n\r\n<\/div>\t\t\t\t<\/div>\n\t\t\t\t<\/div>\n\t\t\t\t\t<\/div>\n\t\t<\/div>\n\t\t\t\t\t<\/div>\n\t\t<\/section>\n\t\t\t\t\t<\/div>\n\t\t<\/div>\n\t\t\t\t\t<\/div>\n\t\t<\/section>\n\t\t\t\t<\/div>","protected":false},"excerpt":{"rendered":"<p>WELCOME TO GOTA TICKETING GOTA VOYAGE expert in ticketing, travel insurance, hoteland ticket reservations Contactez-nous D\u00e9couvrez un service complet pour votre voyage GOTA TICKETING D\u00e9couvrez un service complet pour votre voyageGOTA TICKETING D\u00e9couvrez un service complet pour vos voyages, incluant les plus grandes compagnies a\u00e9riennes internationales, comme celles pr\u00e9sent\u00e9es sur l&#8217;image. Notre plateforme vous permet [&hellip;]<\/p>\n","protected":false},"author":4,"featured_media":0,"parent":0,"menu_order":0,"comment_status":"closed","ping_status":"closed","template":"","meta":{"footnotes":""},"class_list":["post-1445","page","type-page","status-publish","hentry"],"_links":{"self":[{"href":"https:\/\/www.gotainternational.com\/en\/wp-json\/wp\/v2\/pages\/1445","targetHints":{"allow":["GET"]}}],"collection":[{"href":"https:\/\/www.gotainternational.com\/en\/wp-json\/wp\/v2\/pages"}],"about":[{"href":"https:\/\/www.gotainternational.com\/en\/wp-json\/wp\/v2\/types\/page"}],"author":[{"embeddable":true,"href":"https:\/\/www.gotainternational.com\/en\/wp-json\/wp\/v2\/users\/4"}],"replies":[{"embeddable":true,"href":"https:\/\/www.gotainternational.com\/en\/wp-json\/wp\/v2\/comments?post=1445"}],"version-history":[{"count":76,"href":"https:\/\/www.gotainternational.com\/en\/wp-json\/wp\/v2\/pages\/1445\/revisions"}],"predecessor-version":[{"id":2633,"href":"https:\/\/www.gotainternational.com\/en\/wp-json\/wp\/v2\/pages\/1445\/revisions\/2633"}],"wp:attachment":[{"href":"https:\/\/www.gotainternational.com\/en\/wp-json\/wp\/v2\/media?parent=1445"}],"curies":[{"name":"wp","href":"https:\/\/api.w.org\/{rel}","templated":true}]}}