{"id":1528,"date":"2026-02-09T05:56:14","date_gmt":"2026-02-09T05:56:14","guid":{"rendered":"https:\/\/gotainternationalgroup.com\/?page_id=1528"},"modified":"2026-03-26T15:20:56","modified_gmt":"2026-03-26T15:20:56","slug":"assistance-aeroportuaire","status":"publish","type":"page","link":"https:\/\/www.gotainternational.com\/en\/assistance-aeroportuaire\/","title":{"rendered":"Services Gota"},"content":{"rendered":"<div data-elementor-type=\"wp-page\" data-elementor-id=\"1528\" class=\"elementor elementor-1528\">\n\t\t\t\t\t\t<section class=\"elementor-section elementor-top-section elementor-element elementor-element-5e969861 elementor-section-boxed elementor-section-height-default elementor-section-height-default row-top\" data-id=\"5e969861\" data-element_type=\"section\" data-e-type=\"section\" data-settings=\"{&quot;background_background&quot;:&quot;classic&quot;}\">\n\t\t\t\t\t\t<div class=\"elementor-container elementor-column-gap-default\">\n\t\t\t\t\t<div class=\"elementor-column elementor-col-50 elementor-top-column elementor-element elementor-element-36f40ca\" data-id=\"36f40ca\" data-element_type=\"column\" data-e-type=\"column\">\n\t\t\t<div class=\"elementor-widget-wrap elementor-element-populated\">\n\t\t\t\t\t\t<div class=\"elementor-element elementor-element-2e5fc11e animated-fast elementor-invisible elementor-widget elementor-widget-gva-heading-block\" data-id=\"2e5fc11e\" data-element_type=\"widget\" data-e-type=\"widget\" data-settings=\"{&quot;_animation&quot;:&quot;fadeInLeft&quot;}\" data-widget_type=\"gva-heading-block.default\">\n\t\t\t\t<div class=\"elementor-widget-container\">\n\t\t\t\t\t<div class=\"gva-element-gva-heading-block gva-element\">   <div class=\"align-left style-1 widget gsc-heading box-align-left auto-responsive\">\r\n      <div class=\"content-inner\">\r\n         \r\n                  \r\n                     <div class=\"sub-title\"><span>\u00cates-vous pr\u00eat \u00e0 voyager ?<\/span><\/div>\r\n           \r\n         \r\n                     <h2 class=\"title\">\r\n               <span>Des services de voyage prim\u00e9s auxquels vous pouvez faire confiance<\/span>\r\n            <\/h2>\r\n                  \r\n         \r\n      <\/div>\r\n   <\/div>\r\n<\/div>\t\t\t\t<\/div>\n\t\t\t\t<\/div>\n\t\t\t\t\t<\/div>\n\t\t<\/div>\n\t\t\t\t<div class=\"elementor-column elementor-col-50 elementor-top-column elementor-element elementor-element-51b5d091\" data-id=\"51b5d091\" data-element_type=\"column\" data-e-type=\"column\">\n\t\t\t<div class=\"elementor-widget-wrap elementor-element-populated\">\n\t\t\t\t\t\t<section class=\"elementor-section elementor-inner-section elementor-element elementor-element-79dfa522 elementor-section-boxed elementor-section-height-default elementor-section-height-default row-top\" data-id=\"79dfa522\" data-element_type=\"section\" data-e-type=\"section\">\n\t\t\t\t\t\t<div class=\"elementor-container elementor-column-gap-default\">\n\t\t\t\t\t<div class=\"elementor-column elementor-col-50 elementor-inner-column elementor-element elementor-element-55c65935\" data-id=\"55c65935\" data-element_type=\"column\" data-e-type=\"column\">\n\t\t\t<div class=\"elementor-widget-wrap elementor-element-populated\">\n\t\t\t\t\t\t<div class=\"elementor-element elementor-element-77a6a882 animated-fast elementor-invisible elementor-widget elementor-widget-gva-icon-box-styles\" data-id=\"77a6a882\" data-element_type=\"widget\" data-e-type=\"widget\" data-settings=\"{&quot;_animation&quot;:&quot;zoomIn&quot;,&quot;_animation_delay&quot;:200}\" data-widget_type=\"gva-icon-box-styles.default\">\n\t\t\t\t<div class=\"elementor-widget-container\">\n\t\t\t\t\t<div class=\"gva-element-gva-icon-box-styles gva-element\">\r\n   \r\n\r\n         <div class=\"widget gsc-icon-box-styles style-2\">\r\n         \r\n         <div class=\"content-inner\">\r\n                           <div class=\"box-icon\">\r\n                  <i aria-hidden=\"true\" class=\"fab fa-cc-visa\"><\/i>               <\/div>\r\n            \r\n                           <h3 class=\"title\">\r\n                  J'ai un visa d'assistant<brTours               <\/h3>\r\n                     <\/div>\r\n         \t\t  <a href=\"https:\/\/www.gotainternational.com\/en\/visa-dassistant\/\" class=\"link-overlay\">\r\n\t\t\t \t\t  <\/a>\r\n\t\t        <\/div> \r\n      \r\n\r\n      \r\n\r\n    \r\n\r\n\r\n<\/div>\t\t\t\t<\/div>\n\t\t\t\t<\/div>\n\t\t\t\t\t<\/div>\n\t\t<\/div>\n\t\t\t\t<div class=\"elementor-column elementor-col-50 elementor-inner-column elementor-element elementor-element-35d44fa4\" data-id=\"35d44fa4\" data-element_type=\"column\" data-e-type=\"column\">\n\t\t\t<div class=\"elementor-widget-wrap elementor-element-populated\">\n\t\t\t\t\t\t<div class=\"elementor-element elementor-element-563ed236 animated-fast elementor-invisible elementor-widget elementor-widget-gva-icon-box-styles\" data-id=\"563ed236\" data-element_type=\"widget\" data-e-type=\"widget\" data-settings=\"{&quot;_animation&quot;:&quot;zoomIn&quot;,&quot;_animation_delay&quot;:400}\" data-widget_type=\"gva-icon-box-styles.default\">\n\t\t\t\t<div class=\"elementor-widget-container\">\n\t\t\t\t\t<div class=\"gva-element-gva-icon-box-styles gva-element\">\r\n   \r\n\r\n         <div class=\"widget gsc-icon-box-styles style-2\">\r\n         \r\n         <div class=\"content-inner\">\r\n                           <div class=\"box-icon\">\r\n                  <i aria-hidden=\"true\" class=\"flaticon-airplane\"><\/i>               <\/div>\r\n            \r\n                           <h3 class=\"title\">\r\n                  Gota Tourisme International<br>               <\/h3>\r\n                     <\/div>\r\n         \t\t  <a href=\"https:\/\/www.gotainternational.com\/en\/gota-tourisme-international\/\" class=\"link-overlay\">\r\n\t\t\t \t\t  <\/a>\r\n\t\t        <\/div> \r\n      \r\n\r\n      \r\n\r\n    \r\n\r\n\r\n<\/div>\t\t\t\t<\/div>\n\t\t\t\t<\/div>\n\t\t\t\t\t<\/div>\n\t\t<\/div>\n\t\t\t\t\t<\/div>\n\t\t<\/section>\n\t\t\t\t<section class=\"elementor-section elementor-inner-section elementor-element elementor-element-739cf366 elementor-section-boxed elementor-section-height-default elementor-section-height-default row-top\" data-id=\"739cf366\" data-element_type=\"section\" data-e-type=\"section\">\n\t\t\t\t\t\t<div class=\"elementor-container elementor-column-gap-default\">\n\t\t\t\t\t<div class=\"elementor-column elementor-col-50 elementor-inner-column elementor-element elementor-element-57d1808b\" data-id=\"57d1808b\" data-element_type=\"column\" data-e-type=\"column\">\n\t\t\t<div class=\"elementor-widget-wrap elementor-element-populated\">\n\t\t\t\t\t\t<div class=\"elementor-element elementor-element-f387ada animated-fast elementor-invisible elementor-widget elementor-widget-gva-icon-box-styles\" data-id=\"f387ada\" data-element_type=\"widget\" data-e-type=\"widget\" data-settings=\"{&quot;_animation&quot;:&quot;zoomIn&quot;,&quot;_animation_delay&quot;:600}\" data-widget_type=\"gva-icon-box-styles.default\">\n\t\t\t\t<div class=\"elementor-widget-container\">\n\t\t\t\t\t<div class=\"gva-element-gva-icon-box-styles gva-element\">\r\n   \r\n\r\n         <div class=\"widget gsc-icon-box-styles style-2\">\r\n         \r\n         <div class=\"content-inner\">\r\n                           <div class=\"box-icon\">\r\n                  <i aria-hidden=\"true\" class=\"flaticon-flag\"><\/i>               <\/div>\r\n            \r\n                           <h3 class=\"title\">\r\n                  Gota Tourisme Local               <\/h3>\r\n                     <\/div>\r\n         \t\t  <a href=\"https:\/\/www.gotainternational.com\/en\/gota-local-tourism\/\" class=\"link-overlay\">\r\n\t\t\t \t\t  <\/a>\r\n\t\t        <\/div> \r\n      \r\n\r\n      \r\n\r\n    \r\n\r\n\r\n<\/div>\t\t\t\t<\/div>\n\t\t\t\t<\/div>\n\t\t\t\t\t<\/div>\n\t\t<\/div>\n\t\t\t\t<div class=\"elementor-column elementor-col-50 elementor-inner-column elementor-element elementor-element-39384f46\" data-id=\"39384f46\" data-element_type=\"column\" data-e-type=\"column\">\n\t\t\t<div class=\"elementor-widget-wrap elementor-element-populated\">\n\t\t\t\t\t\t<div class=\"elementor-element elementor-element-6a39d434 animated-fast elementor-invisible elementor-widget elementor-widget-gva-icon-box-styles\" data-id=\"6a39d434\" data-element_type=\"widget\" data-e-type=\"widget\" data-settings=\"{&quot;_animation&quot;:&quot;zoomIn&quot;,&quot;_animation_delay&quot;:800}\" data-widget_type=\"gva-icon-box-styles.default\">\n\t\t\t\t<div class=\"elementor-widget-container\">\n\t\t\t\t\t<div class=\"gva-element-gva-icon-box-styles gva-element\">\r\n   \r\n\r\n         <div class=\"widget gsc-icon-box-styles style-2\">\r\n         \r\n         <div class=\"content-inner\">\r\n                           <div class=\"box-icon\">\r\n                  <i aria-hidden=\"true\" class=\"flaticon-hang-gliding\"><\/i>               <\/div>\r\n            \r\n                           <h3 class=\"title\">\r\n                  Gota Billetterie                <\/h3>\r\n                     <\/div>\r\n         \t\t  <a href=\"https:\/\/www.gotainternational.com\/en\/billetterie\/\" class=\"link-overlay\">\r\n\t\t\t \t\t  <\/a>\r\n\t\t        <\/div> \r\n      \r\n\r\n      \r\n\r\n    \r\n\r\n\r\n<\/div>\t\t\t\t<\/div>\n\t\t\t\t<\/div>\n\t\t\t\t\t<\/div>\n\t\t<\/div>\n\t\t\t\t\t<\/div>\n\t\t<\/section>\n\t\t\t\t<section class=\"elementor-section elementor-inner-section elementor-element elementor-element-203a8ef7 elementor-section-boxed elementor-section-height-default elementor-section-height-default row-top\" data-id=\"203a8ef7\" data-element_type=\"section\" data-e-type=\"section\">\n\t\t\t\t\t\t<div class=\"elementor-container elementor-column-gap-default\">\n\t\t\t\t\t<div class=\"elementor-column elementor-col-50 elementor-inner-column elementor-element elementor-element-4c308b95\" data-id=\"4c308b95\" data-element_type=\"column\" data-e-type=\"column\">\n\t\t\t<div class=\"elementor-widget-wrap elementor-element-populated\">\n\t\t\t\t\t\t<div class=\"elementor-element elementor-element-383fca0c animated-fast elementor-invisible elementor-widget elementor-widget-gva-icon-box-styles\" data-id=\"383fca0c\" data-element_type=\"widget\" data-e-type=\"widget\" data-settings=\"{&quot;_animation&quot;:&quot;zoomIn&quot;,&quot;_animation_delay&quot;:600}\" data-widget_type=\"gva-icon-box-styles.default\">\n\t\t\t\t<div class=\"elementor-widget-container\">\n\t\t\t\t\t<div class=\"gva-element-gva-icon-box-styles gva-element\">\r\n   \r\n\r\n         <div class=\"widget gsc-icon-box-styles style-2\">\r\n         \r\n         <div class=\"content-inner\">\r\n                           <div class=\"box-icon\">\r\n                  <i aria-hidden=\"true\" class=\"flaticon-flag\"><\/i>               <\/div>\r\n            \r\n                           <h3 class=\"title\">\r\n                  GOTA Immobilier                <\/h3>\r\n                     <\/div>\r\n         \t\t  <a href=\"https:\/\/www.gotainternational.com\/en\/proprietes-de-gota\/\" class=\"link-overlay\">\r\n\t\t\t \t\t  <\/a>\r\n\t\t        <\/div> \r\n      \r\n\r\n      \r\n\r\n    \r\n\r\n\r\n<\/div>\t\t\t\t<\/div>\n\t\t\t\t<\/div>\n\t\t\t\t\t<\/div>\n\t\t<\/div>\n\t\t\t\t<div class=\"elementor-column elementor-col-50 elementor-inner-column elementor-element elementor-element-241c6562\" data-id=\"241c6562\" data-element_type=\"column\" data-e-type=\"column\">\n\t\t\t<div class=\"elementor-widget-wrap elementor-element-populated\">\n\t\t\t\t\t\t<div class=\"elementor-element elementor-element-7de6bef4 animated-fast elementor-invisible elementor-widget elementor-widget-gva-icon-box-styles\" data-id=\"7de6bef4\" data-element_type=\"widget\" data-e-type=\"widget\" data-settings=\"{&quot;_animation&quot;:&quot;zoomIn&quot;,&quot;_animation_delay&quot;:800}\" data-widget_type=\"gva-icon-box-styles.default\">\n\t\t\t\t<div class=\"elementor-widget-container\">\n\t\t\t\t\t<div class=\"gva-element-gva-icon-box-styles gva-element\">\r\n   \r\n\r\n         <div class=\"widget gsc-icon-box-styles style-2\">\r\n         \r\n         <div class=\"content-inner\">\r\n                           <div class=\"box-icon\">\r\n                  <i aria-hidden=\"true\" class=\"flaticon-hang-gliding\"><\/i>               <\/div>\r\n            \r\n                           <h3 class=\"title\">\r\n                  GOTA Airport Assistance               <\/h3>\r\n                     <\/div>\r\n         \t\t  <a href=\"https:\/\/www.gotainternational.com\/en\/visa-dassistant\/\" class=\"link-overlay\">\r\n\t\t\t \t\t  <\/a>\r\n\t\t        <\/div> \r\n      \r\n\r\n      \r\n\r\n    \r\n\r\n\r\n<\/div>\t\t\t\t<\/div>\n\t\t\t\t<\/div>\n\t\t\t\t\t<\/div>\n\t\t<\/div>\n\t\t\t\t\t<\/div>\n\t\t<\/section>\n\t\t\t\t\t<\/div>\n\t\t<\/div>\n\t\t\t\t\t<\/div>\n\t\t<\/section>\n\t\t\t\t<\/div>","protected":false},"excerpt":{"rendered":"<p>\u00cates-vous pr\u00eat \u00e0 voyager ? Des services de voyage prim\u00e9s auxquels vous pouvez faire confiance J&#8217;ai un visa d&#8217;assistant<\/p>","protected":false},"author":4,"featured_media":0,"parent":0,"menu_order":0,"comment_status":"closed","ping_status":"closed","template":"","meta":{"footnotes":""},"class_list":["post-1528","page","type-page","status-publish","hentry"],"_links":{"self":[{"href":"https:\/\/www.gotainternational.com\/en\/wp-json\/wp\/v2\/pages\/1528","targetHints":{"allow":["GET"]}}],"collection":[{"href":"https:\/\/www.gotainternational.com\/en\/wp-json\/wp\/v2\/pages"}],"about":[{"href":"https:\/\/www.gotainternational.com\/en\/wp-json\/wp\/v2\/types\/page"}],"author":[{"embeddable":true,"href":"https:\/\/www.gotainternational.com\/en\/wp-json\/wp\/v2\/users\/4"}],"replies":[{"embeddable":true,"href":"https:\/\/www.gotainternational.com\/en\/wp-json\/wp\/v2\/comments?post=1528"}],"version-history":[{"count":20,"href":"https:\/\/www.gotainternational.com\/en\/wp-json\/wp\/v2\/pages\/1528\/revisions"}],"predecessor-version":[{"id":2599,"href":"https:\/\/www.gotainternational.com\/en\/wp-json\/wp\/v2\/pages\/1528\/revisions\/2599"}],"wp:attachment":[{"href":"https:\/\/www.gotainternational.com\/en\/wp-json\/wp\/v2\/media?parent=1528"}],"curies":[{"name":"wp","href":"https:\/\/api.w.org\/{rel}","templated":true}]}}