{"id":1954,"date":"2026-02-24T12:52:21","date_gmt":"2026-02-24T12:52:21","guid":{"rendered":"https:\/\/gotainternationalgroup.com\/?page_id=1954"},"modified":"2026-03-26T14:29:14","modified_gmt":"2026-03-26T14:29:14","slug":"decouvrir-gota","status":"publish","type":"page","link":"https:\/\/www.gotainternational.com\/en\/decouvrir-gota\/","title":{"rendered":"D\u00e9couvrir-GOTA"},"content":{"rendered":"<div data-elementor-type=\"wp-page\" data-elementor-id=\"1954\" class=\"elementor elementor-1954\">\n\t\t\t\t\t\t<section class=\"elementor-section elementor-top-section elementor-element elementor-element-77b06fa elementor-section-height-min-height elementor-section-content-middle elementor-section-boxed elementor-section-height-default elementor-section-items-middle row-top\" data-id=\"77b06fa\" data-element_type=\"section\" data-e-type=\"section\" data-settings=\"{&quot;background_background&quot;:&quot;classic&quot;}\">\n\t\t\t\t\t\t<div class=\"elementor-container elementor-column-gap-default\">\n\t\t\t\t\t<div class=\"elementor-column elementor-col-100 elementor-top-column elementor-element elementor-element-8be3c45\" data-id=\"8be3c45\" data-element_type=\"column\" data-e-type=\"column\">\n\t\t\t<div class=\"elementor-widget-wrap\">\n\t\t\t\t\t\t\t<\/div>\n\t\t<\/div>\n\t\t\t\t\t<\/div>\n\t\t<\/section>\n\t\t\t\t<section class=\"elementor-section elementor-top-section elementor-element elementor-element-fb11722 elementor-section-content-middle elementor-section-boxed elementor-section-height-default elementor-section-height-default row-top\" data-id=\"fb11722\" data-element_type=\"section\" data-e-type=\"section\">\n\t\t\t\t\t\t<div class=\"elementor-container elementor-column-gap-default\">\n\t\t\t\t\t<div class=\"elementor-column elementor-col-50 elementor-top-column elementor-element elementor-element-a9e3a76\" data-id=\"a9e3a76\" data-element_type=\"column\" data-e-type=\"column\">\n\t\t\t<div class=\"elementor-widget-wrap elementor-element-populated\">\n\t\t\t\t\t\t<div class=\"elementor-element elementor-element-bffb442 elementor-widget elementor-widget-heading\" data-id=\"bffb442\" data-element_type=\"widget\" data-e-type=\"widget\" data-widget_type=\"heading.default\">\n\t\t\t\t\t<h2 class=\"elementor-heading-title elementor-size-default\">About Us<\/h2>\t\t\t\t<\/div>\n\t\t\t\t<div class=\"elementor-element elementor-element-9d3d021 elementor-widget elementor-widget-text-editor\" data-id=\"9d3d021\" data-element_type=\"widget\" data-e-type=\"widget\" data-widget_type=\"text-editor.default\">\n\t\t\t\t\t\t\t\t\t<p>GOTA INTERNATIONAL GROUP, anciennement connu sous le nom de GOTA (God\u2019s Own Travel Agency) international, est une organisation \u00e0 multiples facettes compos\u00e9e de trois d\u00e9partements dynamiques : GOTA Voyages, GO Properties (Immobilier) et GO Premium Services.<\/p><p>GOTA Voyages se consacre \u00e0 l\u2019organisation de voyages et d\u2019exp\u00e9riences exceptionnelles, tandis que GOTA Properties se sp\u00e9cialise dans l\u2019achat et la vente de Properties se sp\u00e9cialise dans l\u2019achat et la vente de propri\u00e9t\u00e9s. GOTA Premium Services se concentre sur services complets entre le B\u00e9nin et le Nigeria.<\/p><p>Fond\u00e9 et enregistr\u00e9 en R\u00e9publique du B\u00e9nin depuis avril 2009, le GROUPE GOTA INTERNATIONAL d\u00e9tient le num\u00e9ro d\u2019enregistrement RCCM RB\/COT\/09 A 6641 et de la licence du Minist\u00e8re du Tourisme du B\u00e9nin 202\/MAT\/DC\/SG\/DPET\/SRFP\/SA.<\/p><p>GOTA International repr\u00e9sente exclusivement Royal Caribbean Cruise International au B\u00e9nin et au Togo depuis 2018, et s\u2019est impos\u00e9e comme un leader dans l\u2019industrie de l\u2019aviation et des services g\u00e9n\u00e9raux entre le Nig\u00e9ria et le B\u00e9nin, avec une exp\u00e9rience s\u2019\u00e9tendant sur plus d\u2019une d\u00e9cennie. GOTA International est le seul repr\u00e9sentant du prestigieux Air Promotion Group (APG) et d\u2019Airpeace, la plus grande compagnie a\u00e9rienne d\u2019Afrique de l\u2019Ouest.<\/p>\t\t\t\t\t\t\t\t<\/div>\n\t\t\t\t\t<\/div>\n\t\t<\/div>\n\t\t\t\t<div class=\"elementor-column elementor-col-50 elementor-top-column elementor-element elementor-element-02353ac\" data-id=\"02353ac\" data-element_type=\"column\" data-e-type=\"column\">\n\t\t\t<div class=\"elementor-widget-wrap elementor-element-populated\">\n\t\t\t\t\t\t<div class=\"elementor-element elementor-element-ca50e29 elementor-widget elementor-widget-gva-heading-block\" data-id=\"ca50e29\" data-element_type=\"widget\" data-e-type=\"widget\" data-widget_type=\"gva-heading-block.default\">\n\t\t\t\t<div class=\"elementor-widget-container\">\n\t\t\t\t\t<div class=\"gva-element-gva-heading-block gva-element\">   <div class=\"align-center style-1 widget gsc-heading box-align-left auto-responsive\">\r\n      <div class=\"content-inner\">\r\n         \r\n                  \r\n                     <div class=\"sub-title\"><span>Notre Vision<\/span><\/div>\r\n           \r\n         \r\n                     <h2 class=\"title\">\r\n               <span>Notre Vision<\/span>\r\n            <\/h2>\r\n                  \r\n         \r\n      <\/div>\r\n   <\/div>\r\n<\/div>\t\t\t\t<\/div>\n\t\t\t\t<\/div>\n\t\t\t\t<div class=\"elementor-element elementor-element-a236d59 elementor-widget elementor-widget-text-editor\" data-id=\"a236d59\" data-element_type=\"widget\" data-e-type=\"widget\" data-widget_type=\"text-editor.default\">\n\t\t\t\t\t\t\t\t\t<p>La vision du Groupe international GOTA est la suivante de devenir la premi\u00e8re agence internationale de r\u00e9f\u00e9rence pour le voyage et le tourisme au B\u00e9nin et en Afrique. Nous nous effor\u00e7ons d\u2019atteindre cet objectif en fournissant \u00e0 nos clients un service des exp\u00e9riences inoubliables.<\/p>\t\t\t\t\t\t\t\t<\/div>\n\t\t\t\t<div class=\"elementor-element elementor-element-76cae65 elementor-widget elementor-widget-gva-heading-block\" data-id=\"76cae65\" data-element_type=\"widget\" data-e-type=\"widget\" data-widget_type=\"gva-heading-block.default\">\n\t\t\t\t<div class=\"elementor-widget-container\">\n\t\t\t\t\t<div class=\"gva-element-gva-heading-block gva-element\">   <div class=\"align-center style-1 widget gsc-heading box-align-left auto-responsive\">\r\n      <div class=\"content-inner\">\r\n         \r\n                  \r\n                     <div class=\"sub-title\"><span>Notre Mission<\/span><\/div>\r\n           \r\n         \r\n                     <h2 class=\"title\">\r\n               <span>Notre Mision<\/span>\r\n            <\/h2>\r\n                  \r\n         \r\n      <\/div>\r\n   <\/div>\r\n<\/div>\t\t\t\t<\/div>\n\t\t\t\t<\/div>\n\t\t\t\t<div class=\"elementor-element elementor-element-923dd84 elementor-widget elementor-widget-text-editor\" data-id=\"923dd84\" data-element_type=\"widget\" data-e-type=\"widget\" data-widget_type=\"text-editor.default\">\n\t\t\t\t\t\t\t\t\t<p>Notre mission est d\u2019aider nos clients \u00e0 voyager confortablement et \u00e0 un prix abordable, en d\u00e9passant leurs attentes en mati\u00e8re de service \u00e0 chaque \u00e9tape du voyage.<\/p>\t\t\t\t\t\t\t\t<\/div>\n\t\t\t\t<div class=\"elementor-element elementor-element-6a67712 elementor-widget elementor-widget-gva-heading-block\" data-id=\"6a67712\" data-element_type=\"widget\" data-e-type=\"widget\" data-widget_type=\"gva-heading-block.default\">\n\t\t\t\t<div class=\"elementor-widget-container\">\n\t\t\t\t\t<div class=\"gva-element-gva-heading-block gva-element\">   <div class=\"align-center style-1 widget gsc-heading box-align-left auto-responsive\">\r\n      <div class=\"content-inner\">\r\n         \r\n                  \r\n                     <div class=\"sub-title\"><span>Notre Culture<\/span><\/div>\r\n           \r\n         \r\n                     <h2 class=\"title\">\r\n               <span>Our Culture<\/span>\r\n            <\/h2>\r\n                  \r\n         \r\n      <\/div>\r\n   <\/div>\r\n<\/div>\t\t\t\t<\/div>\n\t\t\t\t<\/div>\n\t\t\t\t<div class=\"elementor-element elementor-element-fdc3c53 elementor-widget elementor-widget-text-editor\" data-id=\"fdc3c53\" data-element_type=\"widget\" data-e-type=\"widget\" data-widget_type=\"text-editor.default\">\n\t\t\t\t\t\t\t\t\t<p>Notre culture est ancr\u00e9e dans un engagement \u00e0 fournir un service et \u00e0 cr\u00e9er des exp\u00e9riences m\u00e9morables pour toutes les personnes avec lesquelles nous interagissons. Nous nous effor\u00e7ons de cr\u00e9er un environnement accueillant et favorable pour nos clients et les membres de notre \u00e9quipe, o\u00f9 transparence, l\u2019excellence, et collaboration sont valoris\u00e9es.<\/p>\t\t\t\t\t\t\t\t<\/div>\n\t\t\t\t\t<\/div>\n\t\t<\/div>\n\t\t\t\t\t<\/div>\n\t\t<\/section>\n\t\t\t\t<section class=\"elementor-section elementor-top-section elementor-element elementor-element-490eed6 elementor-section-boxed elementor-section-height-default elementor-section-height-default row-top\" data-id=\"490eed6\" data-element_type=\"section\" data-e-type=\"section\">\n\t\t\t\t\t\t<div class=\"elementor-container elementor-column-gap-default\">\n\t\t\t\t\t<div class=\"elementor-column elementor-col-100 elementor-top-column elementor-element elementor-element-21120e8\" data-id=\"21120e8\" data-element_type=\"column\" data-e-type=\"column\">\n\t\t\t<div class=\"elementor-widget-wrap elementor-element-populated\">\n\t\t\t\t\t\t<div class=\"elementor-element elementor-element-6cc9eb3 elementor-widget elementor-widget-gva-heading-block\" data-id=\"6cc9eb3\" data-element_type=\"widget\" data-e-type=\"widget\" data-widget_type=\"gva-heading-block.default\">\n\t\t\t\t<div class=\"elementor-widget-container\">\n\t\t\t\t\t<div class=\"gva-element-gva-heading-block gva-element\">   <div class=\"align-center style-1 widget gsc-heading box-align-left auto-responsive\">\r\n      <div class=\"content-inner\">\r\n         \r\n                  \r\n                     <div class=\"sub-title\"><span>Prix<\/span><\/div>\r\n           \r\n         \r\n                     <h2 class=\"title\">\r\n               <span>Prix<\/span>\r\n            <\/h2>\r\n                  \r\n         \r\n      <\/div>\r\n   <\/div>\r\n<\/div>\t\t\t\t<\/div>\n\t\t\t\t<\/div>\n\t\t\t\t<div class=\"elementor-element elementor-element-7704844 elementor-widget elementor-widget-heading\" data-id=\"7704844\" data-element_type=\"widget\" data-e-type=\"widget\" data-widget_type=\"heading.default\">\n\t\t\t\t\t<h2 class=\"elementor-heading-title elementor-size-default\">Awards<\/h2>\t\t\t\t<\/div>\n\t\t\t\t<div class=\"elementor-element elementor-element-3ca8632 elementor-widget elementor-widget-image-gallery\" data-id=\"3ca8632\" data-element_type=\"widget\" data-e-type=\"widget\" data-widget_type=\"image-gallery.default\">\n\t\t\t\t\t\t\t<div class=\"elementor-image-gallery\">\n\t\t\t\n\t\t<style type=\"text\/css\">\n\t\t\t#gallery-1 {\n\t\t\t\tmargin: auto;\n\t\t\t}\n\t\t\t#gallery-1 .gallery-item {\n\t\t\t\tfloat: left;\n\t\t\t\tmargin-top: 10px;\n\t\t\t\ttext-align: center;\n\t\t\t\twidth: 25%;\n\t\t\t}\n\t\t\t#gallery-1 img {\n\t\t\t\tborder: 2px solid #cfcfcf;\n\t\t\t}\n\t\t\t#gallery-1 .gallery-caption {\n\t\t\t\tmargin-left: 0;\n\t\t\t}\n\t\t\t\/* see gallery_shortcode() in wp-includes\/media.php *\/\n\t\t<\/style>\n\t\t<div id='gallery-1' class='gallery galleryid-1954 gallery-columns-4 gallery-size-thumbnail'><dl class='gallery-item'>\n\t\t\t<dt class='gallery-icon landscape'>\n\t\t\t\t<a data-elementor-open-lightbox=\"yes\" data-elementor-lightbox-slideshow=\"3ca8632\" data-elementor-lightbox-title=\"CAT AWARDS\" data-e-action-hash=\"#elementor-action%3Aaction%3Dlightbox%26settings%3DeyJpZCI6MjUyMiwidXJsIjoiaHR0cHM6XC9cL3d3dy5nb3RhaW50ZXJuYXRpb25hbC5jb21cL3dwLWNvbnRlbnRcL3VwbG9hZHNcLzIwMjZcLzAzXC9JTUdfMjAyNjAzMDRfMTgxODAyXzE2OC5qcGctc2NhbGVkLmpwZWciLCJzbGlkZXNob3ciOiIzY2E4NjMyIn0%3D\" href='https:\/\/www.gotainternational.com\/wp-content\/uploads\/2026\/03\/IMG_20260304_181802_168.jpg-scaled.jpeg'><img decoding=\"async\" width=\"180\" height=\"180\" src=\"https:\/\/www.gotainternational.com\/wp-content\/uploads\/2026\/03\/IMG_20260304_181802_168.jpg-180x180.jpeg\" class=\"attachment-thumbnail size-thumbnail\" alt=\"\" aria-describedby=\"gallery-1-2522\" srcset=\"https:\/\/www.gotainternational.com\/wp-content\/uploads\/2026\/03\/IMG_20260304_181802_168.jpg-180x180.jpeg 180w, https:\/\/www.gotainternational.com\/wp-content\/uploads\/2026\/03\/IMG_20260304_181802_168.jpg-600x600.jpeg 600w\" sizes=\"(max-width: 180px) 100vw, 180px\" \/><\/a>\n\t\t\t<\/dt>\n\t\t\t\t<dd class='wp-caption-text gallery-caption' id='gallery-1-2522'>\n\t\t\t\tCAT AWARDS\n\t\t\t\t<\/dd><\/dl><dl class='gallery-item'>\n\t\t\t<dt class='gallery-icon landscape'>\n\t\t\t\t<a data-elementor-open-lightbox=\"yes\" data-elementor-lightbox-slideshow=\"3ca8632\" data-elementor-lightbox-title=\"Travelport Awards\" data-e-action-hash=\"#elementor-action%3Aaction%3Dlightbox%26settings%3DeyJpZCI6MjUxOSwidXJsIjoiaHR0cHM6XC9cL3d3dy5nb3RhaW50ZXJuYXRpb25hbC5jb21cL3dwLWNvbnRlbnRcL3VwbG9hZHNcLzIwMjZcLzAzXC9JTUdfMjAyNjAzMDRfMTgxNjUyXzEyNS5qcGctc2NhbGVkLmpwZWciLCJzbGlkZXNob3ciOiIzY2E4NjMyIn0%3D\" href='https:\/\/www.gotainternational.com\/wp-content\/uploads\/2026\/03\/IMG_20260304_181652_125.jpg-scaled.jpeg'><img decoding=\"async\" width=\"180\" height=\"180\" src=\"https:\/\/www.gotainternational.com\/wp-content\/uploads\/2026\/03\/IMG_20260304_181652_125.jpg-180x180.jpeg\" class=\"attachment-thumbnail size-thumbnail\" alt=\"\" aria-describedby=\"gallery-1-2519\" srcset=\"https:\/\/www.gotainternational.com\/wp-content\/uploads\/2026\/03\/IMG_20260304_181652_125.jpg-180x180.jpeg 180w, https:\/\/www.gotainternational.com\/wp-content\/uploads\/2026\/03\/IMG_20260304_181652_125.jpg-600x600.jpeg 600w\" sizes=\"(max-width: 180px) 100vw, 180px\" \/><\/a>\n\t\t\t<\/dt>\n\t\t\t\t<dd class='wp-caption-text gallery-caption' id='gallery-1-2519'>\n\t\t\t\tTravelport Awards\n\t\t\t\t<\/dd><\/dl><dl class='gallery-item'>\n\t\t\t<dt class='gallery-icon landscape'>\n\t\t\t\t<a data-elementor-open-lightbox=\"yes\" data-elementor-lightbox-slideshow=\"3ca8632\" data-elementor-lightbox-title=\"ENIDA 2022 AWARDS\" data-e-action-hash=\"#elementor-action%3Aaction%3Dlightbox%26settings%3DeyJpZCI6MjUxNywidXJsIjoiaHR0cHM6XC9cL3d3dy5nb3RhaW50ZXJuYXRpb25hbC5jb21cL3dwLWNvbnRlbnRcL3VwbG9hZHNcLzIwMjZcLzAzXC9JTUdfMjAyNjAzMDRfMTgxNjI0XzAxMS5qcGctc2NhbGVkLmpwZWciLCJzbGlkZXNob3ciOiIzY2E4NjMyIn0%3D\" href='https:\/\/www.gotainternational.com\/wp-content\/uploads\/2026\/03\/IMG_20260304_181624_011.jpg-scaled.jpeg'><img decoding=\"async\" width=\"180\" height=\"180\" src=\"https:\/\/www.gotainternational.com\/wp-content\/uploads\/2026\/03\/IMG_20260304_181624_011.jpg-180x180.jpeg\" class=\"attachment-thumbnail size-thumbnail\" alt=\"\" aria-describedby=\"gallery-1-2517\" srcset=\"https:\/\/www.gotainternational.com\/wp-content\/uploads\/2026\/03\/IMG_20260304_181624_011.jpg-180x180.jpeg 180w, https:\/\/www.gotainternational.com\/wp-content\/uploads\/2026\/03\/IMG_20260304_181624_011.jpg-600x600.jpeg 600w\" sizes=\"(max-width: 180px) 100vw, 180px\" \/><\/a>\n\t\t\t<\/dt>\n\t\t\t\t<dd class='wp-caption-text gallery-caption' id='gallery-1-2517'>\n\t\t\t\tENIDA 2022 AWARDS\n\t\t\t\t<\/dd><\/dl><dl class='gallery-item'>\n\t\t\t<dt class='gallery-icon landscape'>\n\t\t\t\t<a data-elementor-open-lightbox=\"yes\" data-elementor-lightbox-slideshow=\"3ca8632\" data-elementor-lightbox-title=\"NATOP 2025\" data-e-action-hash=\"#elementor-action%3Aaction%3Dlightbox%26settings%3DeyJpZCI6MjUxMiwidXJsIjoiaHR0cHM6XC9cL3d3dy5nb3RhaW50ZXJuYXRpb25hbC5jb21cL3dwLWNvbnRlbnRcL3VwbG9hZHNcLzIwMjZcLzAzXC9JTUdfMjAyNjAzMDRfMTgxNTUxXzEyNC5qcGctc2NhbGVkLmpwZWciLCJzbGlkZXNob3ciOiIzY2E4NjMyIn0%3D\" href='https:\/\/www.gotainternational.com\/wp-content\/uploads\/2026\/03\/IMG_20260304_181551_124.jpg-scaled.jpeg'><img loading=\"lazy\" decoding=\"async\" width=\"180\" height=\"180\" src=\"https:\/\/www.gotainternational.com\/wp-content\/uploads\/2026\/03\/IMG_20260304_181551_124.jpg-180x180.jpeg\" class=\"attachment-thumbnail size-thumbnail\" alt=\"\" aria-describedby=\"gallery-1-2512\" srcset=\"https:\/\/www.gotainternational.com\/wp-content\/uploads\/2026\/03\/IMG_20260304_181551_124.jpg-180x180.jpeg 180w, https:\/\/www.gotainternational.com\/wp-content\/uploads\/2026\/03\/IMG_20260304_181551_124.jpg-600x600.jpeg 600w\" sizes=\"(max-width: 180px) 100vw, 180px\" \/><\/a>\n\t\t\t<\/dt>\n\t\t\t\t<dd class='wp-caption-text gallery-caption' id='gallery-1-2512'>\n\t\t\t\tNATOP 2025\n\t\t\t\t<\/dd><\/dl><br style=\"clear: both\" \/><dl class='gallery-item'>\n\t\t\t<dt class='gallery-icon landscape'>\n\t\t\t\t<a data-elementor-open-lightbox=\"yes\" data-elementor-lightbox-slideshow=\"3ca8632\" data-elementor-lightbox-title=\"WOFORUM CERTIFICATE OF\" data-e-action-hash=\"#elementor-action%3Aaction%3Dlightbox%26settings%3DeyJpZCI6MjUxMywidXJsIjoiaHR0cHM6XC9cL3d3dy5nb3RhaW50ZXJuYXRpb25hbC5jb21cL3dwLWNvbnRlbnRcL3VwbG9hZHNcLzIwMjZcLzAzXC9JTUdfMjAyNjAzMDRfMTgxNTU1Xzg3NS5qcGctc2NhbGVkLmpwZWciLCJzbGlkZXNob3ciOiIzY2E4NjMyIn0%3D\" href='https:\/\/www.gotainternational.com\/wp-content\/uploads\/2026\/03\/IMG_20260304_181555_875.jpg-scaled.jpeg'><img loading=\"lazy\" decoding=\"async\" width=\"180\" height=\"180\" src=\"https:\/\/www.gotainternational.com\/wp-content\/uploads\/2026\/03\/IMG_20260304_181555_875.jpg-180x180.jpeg\" class=\"attachment-thumbnail size-thumbnail\" alt=\"\" aria-describedby=\"gallery-1-2513\" srcset=\"https:\/\/www.gotainternational.com\/wp-content\/uploads\/2026\/03\/IMG_20260304_181555_875.jpg-180x180.jpeg 180w, https:\/\/www.gotainternational.com\/wp-content\/uploads\/2026\/03\/IMG_20260304_181555_875.jpg-600x600.jpeg 600w\" sizes=\"(max-width: 180px) 100vw, 180px\" \/><\/a>\n\t\t\t<\/dt>\n\t\t\t\t<dd class='wp-caption-text gallery-caption' id='gallery-1-2513'>\n\t\t\t\tWOFORUM CERTIFICATE OF \n\t\t\t\t<\/dd><\/dl><dl class='gallery-item'>\n\t\t\t<dt class='gallery-icon landscape'>\n\t\t\t\t<a data-elementor-open-lightbox=\"yes\" data-elementor-lightbox-slideshow=\"3ca8632\" data-elementor-lightbox-title=\"AKWAABA PRIX 2015\" data-e-action-hash=\"#elementor-action%3Aaction%3Dlightbox%26settings%3DeyJpZCI6MjUxNCwidXJsIjoiaHR0cHM6XC9cL3d3dy5nb3RhaW50ZXJuYXRpb25hbC5jb21cL3dwLWNvbnRlbnRcL3VwbG9hZHNcLzIwMjZcLzAzXC9JTUdfMjAyNjAzMDRfMTgxNjAzXzMxMi5qcGctc2NhbGVkLmpwZWciLCJzbGlkZXNob3ciOiIzY2E4NjMyIn0%3D\" href='https:\/\/www.gotainternational.com\/wp-content\/uploads\/2026\/03\/IMG_20260304_181603_312.jpg-scaled.jpeg'><img loading=\"lazy\" decoding=\"async\" width=\"180\" height=\"180\" src=\"https:\/\/www.gotainternational.com\/wp-content\/uploads\/2026\/03\/IMG_20260304_181603_312.jpg-180x180.jpeg\" class=\"attachment-thumbnail size-thumbnail\" alt=\"\" aria-describedby=\"gallery-1-2514\" srcset=\"https:\/\/www.gotainternational.com\/wp-content\/uploads\/2026\/03\/IMG_20260304_181603_312.jpg-180x180.jpeg 180w, https:\/\/www.gotainternational.com\/wp-content\/uploads\/2026\/03\/IMG_20260304_181603_312.jpg-600x600.jpeg 600w\" sizes=\"(max-width: 180px) 100vw, 180px\" \/><\/a>\n\t\t\t<\/dt>\n\t\t\t\t<dd class='wp-caption-text gallery-caption' id='gallery-1-2514'>\n\t\t\t\tAKWAABA PRIX 2015\n\t\t\t\t<\/dd><\/dl><dl class='gallery-item'>\n\t\t\t<dt class='gallery-icon landscape'>\n\t\t\t\t<a data-elementor-open-lightbox=\"yes\" data-elementor-lightbox-slideshow=\"3ca8632\" data-elementor-lightbox-title=\"0-3840x2160-0-0-{}-0-12#\" data-e-action-hash=\"#elementor-action%3Aaction%3Dlightbox%26settings%3DeyJpZCI6MjUxNiwidXJsIjoiaHR0cHM6XC9cL3d3dy5nb3RhaW50ZXJuYXRpb25hbC5jb21cL3dwLWNvbnRlbnRcL3VwbG9hZHNcLzIwMjZcLzAzXC9JTUdfMjAyNjAzMDRfMTgxNjE3XzAwNS5qcGctc2NhbGVkLmpwZWciLCJzbGlkZXNob3ciOiIzY2E4NjMyIn0%3D\" href='https:\/\/www.gotainternational.com\/wp-content\/uploads\/2026\/03\/IMG_20260304_181617_005.jpg-scaled.jpeg'><img loading=\"lazy\" decoding=\"async\" width=\"180\" height=\"180\" src=\"https:\/\/www.gotainternational.com\/wp-content\/uploads\/2026\/03\/IMG_20260304_181617_005.jpg-180x180.jpeg\" class=\"attachment-thumbnail size-thumbnail\" alt=\"\" aria-describedby=\"gallery-1-2516\" srcset=\"https:\/\/www.gotainternational.com\/wp-content\/uploads\/2026\/03\/IMG_20260304_181617_005.jpg-180x180.jpeg 180w, https:\/\/www.gotainternational.com\/wp-content\/uploads\/2026\/03\/IMG_20260304_181617_005.jpg-600x600.jpeg 600w\" sizes=\"(max-width: 180px) 100vw, 180px\" \/><\/a>\n\t\t\t<\/dt>\n\t\t\t\t<dd class='wp-caption-text gallery-caption' id='gallery-1-2516'>\n\t\t\t\t0-3840&#215;2160-0-0-{}-0-12#\n\t\t\t\t<\/dd><\/dl><dl class='gallery-item'>\n\t\t\t<dt class='gallery-icon landscape'>\n\t\t\t\t<a data-elementor-open-lightbox=\"yes\" data-elementor-lightbox-slideshow=\"3ca8632\" data-elementor-lightbox-title=\"AMBASSADEUR DE PAIX\" data-e-action-hash=\"#elementor-action%3Aaction%3Dlightbox%26settings%3DeyJpZCI6MjUwOSwidXJsIjoiaHR0cHM6XC9cL3d3dy5nb3RhaW50ZXJuYXRpb25hbC5jb21cL3dwLWNvbnRlbnRcL3VwbG9hZHNcLzIwMjZcLzAzXC9JTUdfMjAyNjAzMDRfMTgyMzQ0XzE2My5qcGctc2NhbGVkLmpwZWciLCJzbGlkZXNob3ciOiIzY2E4NjMyIn0%3D\" href='https:\/\/www.gotainternational.com\/wp-content\/uploads\/2026\/03\/IMG_20260304_182344_163.jpg-scaled.jpeg'><img loading=\"lazy\" decoding=\"async\" width=\"180\" height=\"180\" src=\"https:\/\/www.gotainternational.com\/wp-content\/uploads\/2026\/03\/IMG_20260304_182344_163.jpg-180x180.jpeg\" class=\"attachment-thumbnail size-thumbnail\" alt=\"\" aria-describedby=\"gallery-1-2509\" srcset=\"https:\/\/www.gotainternational.com\/wp-content\/uploads\/2026\/03\/IMG_20260304_182344_163.jpg-180x180.jpeg 180w, https:\/\/www.gotainternational.com\/wp-content\/uploads\/2026\/03\/IMG_20260304_182344_163.jpg-600x600.jpeg 600w\" sizes=\"(max-width: 180px) 100vw, 180px\" \/><\/a>\n\t\t\t<\/dt>\n\t\t\t\t<dd class='wp-caption-text gallery-caption' id='gallery-1-2509'>\n\t\t\t\tAMBASSADEUR DE PAIX\n\t\t\t\t<\/dd><\/dl><br style=\"clear: both\" \/><dl class='gallery-item'>\n\t\t\t<dt class='gallery-icon landscape'>\n\t\t\t\t<a data-elementor-open-lightbox=\"yes\" data-elementor-lightbox-slideshow=\"3ca8632\" data-elementor-lightbox-title=\"100 GLOBAL LEADERS AWARD 2024\" data-e-action-hash=\"#elementor-action%3Aaction%3Dlightbox%26settings%3DeyJpZCI6MjUwMywidXJsIjoiaHR0cHM6XC9cL3d3dy5nb3RhaW50ZXJuYXRpb25hbC5jb21cL3dwLWNvbnRlbnRcL3VwbG9hZHNcLzIwMjZcLzAzXC9JTUdfMjAyNjAzMDRfMTgyMDIyXzQ5MS5qcGctc2NhbGVkLmpwZWciLCJzbGlkZXNob3ciOiIzY2E4NjMyIn0%3D\" href='https:\/\/www.gotainternational.com\/wp-content\/uploads\/2026\/03\/IMG_20260304_182022_491.jpg-scaled.jpeg'><img loading=\"lazy\" decoding=\"async\" width=\"180\" height=\"180\" src=\"https:\/\/www.gotainternational.com\/wp-content\/uploads\/2026\/03\/IMG_20260304_182022_491.jpg-180x180.jpeg\" class=\"attachment-thumbnail size-thumbnail\" alt=\"\" aria-describedby=\"gallery-1-2503\" srcset=\"https:\/\/www.gotainternational.com\/wp-content\/uploads\/2026\/03\/IMG_20260304_182022_491.jpg-180x180.jpeg 180w, https:\/\/www.gotainternational.com\/wp-content\/uploads\/2026\/03\/IMG_20260304_182022_491.jpg-600x600.jpeg 600w\" sizes=\"(max-width: 180px) 100vw, 180px\" \/><\/a>\n\t\t\t<\/dt>\n\t\t\t\t<dd class='wp-caption-text gallery-caption' id='gallery-1-2503'>\n\t\t\t\t100 GLOBAL LEADERS AWARD 2024\n\t\t\t\t<\/dd><\/dl>\n\t\t\t<br style='clear: both' \/>\n\t\t<\/div>\n\t\t<\/div>\n\t\t\t\t\t\t<\/div>\n\t\t\t\t\t<\/div>\n\t\t<\/div>\n\t\t\t\t\t<\/div>\n\t\t<\/section>\n\t\t\t\t<\/div>","protected":false},"excerpt":{"rendered":"<p>About Us GOTA INTERNATIONAL GROUP, anciennement connu sous le nom de GOTA (God\u2019s Own Travel Agency) international, est une organisation \u00e0 multiples facettes compos\u00e9e de trois d\u00e9partements dynamiques : GOTA Voyages, GO Properties (Immobilier) et GO Premium Services. GOTA Voyages se consacre \u00e0 l\u2019organisation de voyages et d\u2019exp\u00e9riences exceptionnelles, tandis que GOTA Properties se sp\u00e9cialise [&hellip;]<\/p>\n","protected":false},"author":4,"featured_media":0,"parent":0,"menu_order":0,"comment_status":"closed","ping_status":"closed","template":"","meta":{"footnotes":""},"class_list":["post-1954","page","type-page","status-publish","hentry"],"_links":{"self":[{"href":"https:\/\/www.gotainternational.com\/en\/wp-json\/wp\/v2\/pages\/1954","targetHints":{"allow":["GET"]}}],"collection":[{"href":"https:\/\/www.gotainternational.com\/en\/wp-json\/wp\/v2\/pages"}],"about":[{"href":"https:\/\/www.gotainternational.com\/en\/wp-json\/wp\/v2\/types\/page"}],"author":[{"embeddable":true,"href":"https:\/\/www.gotainternational.com\/en\/wp-json\/wp\/v2\/users\/4"}],"replies":[{"embeddable":true,"href":"https:\/\/www.gotainternational.com\/en\/wp-json\/wp\/v2\/comments?post=1954"}],"version-history":[{"count":26,"href":"https:\/\/www.gotainternational.com\/en\/wp-json\/wp\/v2\/pages\/1954\/revisions"}],"predecessor-version":[{"id":2535,"href":"https:\/\/www.gotainternational.com\/en\/wp-json\/wp\/v2\/pages\/1954\/revisions\/2535"}],"wp:attachment":[{"href":"https:\/\/www.gotainternational.com\/en\/wp-json\/wp\/v2\/media?parent=1954"}],"curies":[{"name":"wp","href":"https:\/\/api.w.org\/{rel}","templated":true}]}}