{"id":2043,"date":"2026-03-05T07:53:07","date_gmt":"2026-03-05T07:53:07","guid":{"rendered":"https:\/\/gotainternationalgroup.com\/?post_type=product&#038;p=2043"},"modified":"2026-04-24T11:27:07","modified_gmt":"2026-04-24T11:27:07","slug":"gota-benin","status":"publish","type":"product","link":"https:\/\/www.gotainternational.com\/en\/product\/gota-benin\/","title":{"rendered":"Gota Benin And Nigeria Tourism"},"content":{"rendered":"<p>With GOTA Local Tourism, traveling between\u00a0 Lagos and Benin, becomes simple, safe, and perfectly organized. From your booking to your return, our team takes care of every detail so you can fully enjoy your trip. Whether you choose our Lagos \u2192 Benin or Benin \u2192 Lagos tour, we guarantee a smooth journey: border crossing assistance, comfortable transportation, quality hotels and resorts, experienced guides, and real-time communication throughout your stay. Zero stress. Zero confusion. Zero delays. Experience a perfectly orchestrated cross-border adventure, synonymous with comfort, culture, and unforgettable memories. Your dream trip starts here.<\/p>","protected":false},"excerpt":{"rendered":"<p>De votre inscription \u00e0 votre retour, notre \u00e9quipe prend en charge tous les d\u00e9tails pour que vous puissiez profiter pleinement de votre voyage. Que vous optiez pour notre circuit Lagos \u2192 B\u00e9nin<\/p>","protected":false},"featured_media":2103,"template":"","meta":[],"product_brand":[],"product_cat":[61],"product_tag":[],"class_list":{"0":"post-2043","1":"product","2":"type-product","3":"status-publish","4":"has-post-thumbnail","6":"product_cat-travel-and-tourism","8":"first","9":"instock","10":"sale","11":"virtual","12":"purchasable","13":"product-type-simple"},"_links":{"self":[{"href":"https:\/\/www.gotainternational.com\/en\/wp-json\/wp\/v2\/product\/2043","targetHints":{"allow":["GET"]}}],"collection":[{"href":"https:\/\/www.gotainternational.com\/en\/wp-json\/wp\/v2\/product"}],"about":[{"href":"https:\/\/www.gotainternational.com\/en\/wp-json\/wp\/v2\/types\/product"}],"wp:featuredmedia":[{"embeddable":true,"href":"https:\/\/www.gotainternational.com\/en\/wp-json\/wp\/v2\/media\/2103"}],"wp:attachment":[{"href":"https:\/\/www.gotainternational.com\/en\/wp-json\/wp\/v2\/media?parent=2043"}],"wp:term":[{"taxonomy":"product_brand","embeddable":true,"href":"https:\/\/www.gotainternational.com\/en\/wp-json\/wp\/v2\/product_brand?post=2043"},{"taxonomy":"product_cat","embeddable":true,"href":"https:\/\/www.gotainternational.com\/en\/wp-json\/wp\/v2\/product_cat?post=2043"},{"taxonomy":"product_tag","embeddable":true,"href":"https:\/\/www.gotainternational.com\/en\/wp-json\/wp\/v2\/product_tag?post=2043"}],"curies":[{"name":"wp","href":"https:\/\/api.w.org\/{rel}","templated":true}]}}